{"id":554,"date":"2017-11-03T14:53:42","date_gmt":"2017-11-03T13:53:42","guid":{"rendered":"http:\/\/tindalos-interactive.dev\/?page_id=554"},"modified":"2018-01-23T17:28:18","modified_gmt":"2018-01-23T16:28:18","slug":"legal-notice","status":"publish","type":"page","link":"https:\/\/www.tindalos-interactive.com\/en\/legal-notice\/","title":{"rendered":"Legal Notice"},"content":{"rendered":"<p>The website www.tindalos-interactive.com is published by TINDALOS INTERACTIVE, Soci\u00e9t\u00e9 \u00e0 Responsabilit\u00e9 Limit\u00e9e in French law, with a capital of 22,500.00 Euros, registered with Paris Trade and Companies Registry under number 522 216 878.<br \/>\nHeadquarters :<br \/>\nTindalos Interactive<br \/>\nCAP 19<br \/>\n13 rue Georges Auric<br \/>\n75019 Paris<br \/>\nFRANCE<br \/>\nPublishing Director: Aur\u00e9lien Josse<br \/>\nContact : contact@tindalos-interactive.com<\/p>\n<p><strong>Hosting<\/strong><br \/>\nThe website www.tindalos-interactive.com is hosted by the company Gandi.<br \/>\nHeadquarters:<br \/>\nGandi<br \/>\n63\/65<br \/>\n63 BD Massena<br \/>\n75013 PARIS<br \/>\nFRANCE<br \/>\nGandi number  423 093 459<br \/>\nSAS with a capital of 300,000 Euros<br \/>\nWebsite : www.gandi.net<\/p>\n<p><strong>Cookies<\/strong><br \/>\nThe website www.tindalos-interactive.com does NOT use the \u00ab cookies \u00bb.<\/p>\n<p><strong>Property rights<\/strong><br \/>\nThe website www.tindalos-interactive.com and all other elements contained on it (text, picture, logo, video, etc.) are protected by copyrights and other intellectual property rights. In this respect, the content must not be used or reproduced, in whole or in a part, without a formal agreement of the Publishing Director.<br \/>\nTindalos Interactive \u00a9 2018 \u2013 All rights reserved.<\/p>\n<p><strong>Personal data protection<\/strong><br \/>\nTindalos interactive may collect and preserve personal information about the visitor, in particular, without limitation , when the visitor (1) emails to Tindalos Interactive, (2) applies for a job in response to an ad, (3) sends an unsolicited job application.<br \/>\nIn accordance with French Law \u00ab Informatique et libert\u00e9s \u00bb number 78-17 of January 6, 1978, modified in 2004, the visitor is entitled to access, modify, rectify and delete his\/her personal data by sending an e-mail to contact@tindalos-interactive.com.<\/p>\n<p><strong>Links<\/strong><br \/>\nThe website www.tindalos-interactive.com may include links to third party websites not published by Tindalos Interactive. The linked websites are not under the control of Tindalos Interactive and Tindalos Interactive is not responsible for the contents of any linked websites.<\/p>\n<p><strong>Credits<\/strong><br \/>\nConception \/ R\u00e9alisation<br \/>\nwww.ligne13.com<\/p>\n","protected":false},"excerpt":{"rendered":"<p>The website www.tindalos-interactive.com is published by TINDALOS INTERACTIVE, Soci\u00e9t\u00e9 \u00e0 Responsabilit\u00e9 Limit\u00e9e in French law, with a capital of 22,500.00 Euros, registered &hellip; <a href=\"https:\/\/www.tindalos-interactive.com\/en\/legal-notice\/\" class=\"more\">Continued<\/a><\/p>\n","protected":false},"author":1,"featured_media":0,"parent":0,"menu_order":0,"comment_status":"closed","ping_status":"closed","template":"","meta":{"_acf_changed":false,"footnotes":""},"class_list":["post-554","page","type-page","status-publish","hentry"],"acf":[],"_links":{"self":[{"href":"https:\/\/www.tindalos-interactive.com\/en\/wp-json\/wp\/v2\/pages\/554","targetHints":{"allow":["GET"]}}],"collection":[{"href":"https:\/\/www.tindalos-interactive.com\/en\/wp-json\/wp\/v2\/pages"}],"about":[{"href":"https:\/\/www.tindalos-interactive.com\/en\/wp-json\/wp\/v2\/types\/page"}],"author":[{"embeddable":true,"href":"https:\/\/www.tindalos-interactive.com\/en\/wp-json\/wp\/v2\/users\/1"}],"replies":[{"embeddable":true,"href":"https:\/\/www.tindalos-interactive.com\/en\/wp-json\/wp\/v2\/comments?post=554"}],"version-history":[{"count":2,"href":"https:\/\/www.tindalos-interactive.com\/en\/wp-json\/wp\/v2\/pages\/554\/revisions"}],"predecessor-version":[{"id":806,"href":"https:\/\/www.tindalos-interactive.com\/en\/wp-json\/wp\/v2\/pages\/554\/revisions\/806"}],"wp:attachment":[{"href":"https:\/\/www.tindalos-interactive.com\/en\/wp-json\/wp\/v2\/media?parent=554"}],"curies":[{"name":"wp","href":"https:\/\/api.w.org\/{rel}","templated":true}]}}